{"id":23,"date":"2017-04-04T12:09:18","date_gmt":"2017-04-04T10:09:18","guid":{"rendered":"http:\/\/limpiezaslatrinidad.com\/?page_id=23"},"modified":"2025-10-01T11:50:05","modified_gmt":"2025-10-01T09:50:05","slug":"empresa-limpieza-sevilla","status":"publish","type":"page","link":"https:\/\/limpiezaslatrinidad.com\/en\/empresa-limpieza-sevilla\/","title":{"rendered":"Empresa"},"content":{"rendered":"<div data-elementor-type=\"wp-page\" data-elementor-id=\"23\" class=\"elementor elementor-23\" data-elementor-post-type=\"page\">\n\t\t\t\t\t\t<section class=\"elementor-section elementor-top-section elementor-element elementor-element-543dfd7b elementor-section-boxed elementor-section-height-default elementor-section-height-default\" data-id=\"543dfd7b\" data-element_type=\"section\" data-e-type=\"section\">\n\t\t\t\t\t\t<div class=\"elementor-container elementor-column-gap-default\">\n\t\t\t\t\t<div class=\"elementor-column elementor-col-100 elementor-top-column elementor-element elementor-element-14f0117d\" data-id=\"14f0117d\" data-element_type=\"column\" data-e-type=\"column\">\n\t\t\t<div class=\"elementor-widget-wrap elementor-element-populated\">\n\t\t\t\t\t\t<div class=\"elementor-element elementor-element-a1fd09e elementor-headline--style-highlight elementor-widget elementor-widget-animated-headline\" data-id=\"a1fd09e\" data-element_type=\"widget\" data-e-type=\"widget\" data-settings=\"{&quot;highlighted_text&quot;:&quot;empresa&quot;,&quot;headline_style&quot;:&quot;highlight&quot;,&quot;marker&quot;:&quot;circle&quot;,&quot;loop&quot;:&quot;yes&quot;,&quot;highlight_animation_duration&quot;:1200,&quot;highlight_iteration_delay&quot;:8000}\" data-widget_type=\"animated-headline.default\">\n\t\t\t\t<div class=\"elementor-widget-container\">\n\t\t\t\t\t\t\t<h3 class=\"elementor-headline\">\n\t\t\t\t\t<span class=\"elementor-headline-plain-text elementor-headline-text-wrapper\">Nuestra<\/span>\n\t\t\t\t<span class=\"elementor-headline-dynamic-wrapper elementor-headline-text-wrapper\">\n\t\t\t\t\t<span class=\"elementor-headline-dynamic-text elementor-headline-text-active\">empresa<\/span>\n\t\t\t\t<\/span>\n\t\t\t\t<\/h3>\n\t\t\t\t\t\t<\/div>\n\t\t\t\t<\/div>\n\t\t\t\t<div class=\"elementor-element elementor-element-dbb5548 elementor-widget-divider--view-line elementor-widget elementor-widget-divider\" data-id=\"dbb5548\" data-element_type=\"widget\" data-e-type=\"widget\" data-widget_type=\"divider.default\">\n\t\t\t\t<div class=\"elementor-widget-container\">\n\t\t\t\t\t\t\t<div class=\"elementor-divider\">\n\t\t\t<span class=\"elementor-divider-separator\">\n\t\t\t\t\t\t<\/span>\n\t\t<\/div>\n\t\t\t\t\t\t<\/div>\n\t\t\t\t<\/div>\n\t\t\t\t<div class=\"elementor-element elementor-element-41000c5d elementor-widget elementor-widget-text-editor\" data-id=\"41000c5d\" data-element_type=\"widget\" data-e-type=\"widget\" data-widget_type=\"text-editor.default\">\n\t\t\t\t<div class=\"elementor-widget-container\">\n\t\t\t\t\t\t\t\t\t<p><b>Limpiezas La Trinidad<\/b> <b>se constituye en 1988 <\/b>con la idea de aportar soluciones de servicios integrales de limpieza y mantenimiento a sus clientes. Es el resultado de muchos a\u00f1os de actividad en el sector servicios. Centra su potencial en la capacidad para asumir todas las actividades propias del sector, acumulando una importante experiencia avalada por los trabajos realizados.<\/p><p>Con una organizaci\u00f3n orientada al cliente, es una empresa \u00e1gil en aportar soluciones espec\u00edficas a los problemas, con la flexibilidad suficiente para dimensionar sus recursos a las necesidades concretas de producci\u00f3n, y con la adaptaci\u00f3n permanente a los cambios motivados por la propia evoluci\u00f3n del entorno.<\/p><p>Limpiezas La Trinidad, <b>se ha caracterizado por su capacidad para adaptarse a las necesidades del mercado y por ello toda la organizaci\u00f3n est\u00e1 enfocada hacia la b\u00fasqueda de la calidad y atenci\u00f3n al cliente.<\/b><\/p><p>Tanto en el sector p\u00fablico como en el privado, nuestra empresa cuenta con una acreditada experiencia, lo cual nos permite garantizarle el m\u00e1s alto nivel de calidad en cualquiera de los servicios de nuestra rama.<\/p><p>En Limpiezas La Trinidad, <b>seguimos evolucionando para mejorar d\u00eda a d\u00eda nuestra organizaci\u00f3n y acometer nuevos mercados y proyectos.<\/b><\/p>\t\t\t\t\t\t\t\t<\/div>\n\t\t\t\t<\/div>\n\t\t\t\t\t<\/div>\n\t\t<\/div>\n\t\t\t\t\t<\/div>\n\t\t<\/section>\n\t\t\t\t<section class=\"elementor-section elementor-top-section elementor-element elementor-element-40c443b elementor-section-boxed elementor-section-height-default elementor-section-height-default elementor-invisible\" data-id=\"40c443b\" data-element_type=\"section\" data-e-type=\"section\" data-settings=\"{&quot;background_background&quot;:&quot;classic&quot;,&quot;animation&quot;:&quot;fadeInUp&quot;}\">\n\t\t\t\t\t\t\t<div class=\"elementor-background-overlay\"><\/div>\n\t\t\t\t\t\t\t<div class=\"elementor-container elementor-column-gap-default\">\n\t\t\t\t\t<div class=\"elementor-column elementor-col-100 elementor-top-column elementor-element elementor-element-3cd0137\" data-id=\"3cd0137\" data-element_type=\"column\" data-e-type=\"column\">\n\t\t\t<div class=\"elementor-widget-wrap elementor-element-populated\">\n\t\t\t\t\t\t<div class=\"elementor-element elementor-element-3397756 elementor-widget elementor-widget-spacer\" data-id=\"3397756\" data-element_type=\"widget\" data-e-type=\"widget\" data-widget_type=\"spacer.default\">\n\t\t\t\t<div class=\"elementor-widget-container\">\n\t\t\t\t\t\t\t<div class=\"elementor-spacer\">\n\t\t\t<div class=\"elementor-spacer-inner\"><\/div>\n\t\t<\/div>\n\t\t\t\t\t\t<\/div>\n\t\t\t\t<\/div>\n\t\t\t\t\t<\/div>\n\t\t<\/div>\n\t\t\t\t\t<\/div>\n\t\t<\/section>\n\t\t\t\t<\/div>","protected":false},"excerpt":{"rendered":"<p>Nuestra empresa Limpiezas La Trinidad se constituye en 1988 con la idea de aportar soluciones de servicios integrales de limpieza y mantenimiento a sus clientes. Es el resultado de muchos a\u00f1os de actividad en el sector servicios. Centra su potencial en la capacidad para asumir todas las actividades propias del sector, acumulando una importante experiencia [&hellip;]<\/p>\n","protected":false},"author":1,"featured_media":0,"parent":0,"menu_order":0,"comment_status":"closed","ping_status":"closed","template":"elementor_header_footer","meta":{"footnotes":""},"class_list":["post-23","page","type-page","status-publish","hentry"],"yoast_head":"<!-- This site is optimized with the Yoast SEO plugin v27.5 - https:\/\/yoast.com\/product\/yoast-seo-wordpress\/ -->\n<title>Empresa de limpieza Sevilla<\/title>\n<meta name=\"description\" content=\"Limpiezas la Trinidad, empresa de limpieza en Sevilla l\u00edder del sector. Servicios integrales de limpieza, comunidades, industrias, comercios, eventos.\" \/>\n<meta name=\"robots\" content=\"index, follow, max-snippet:-1, max-image-preview:large, max-video-preview:-1\" \/>\n<link rel=\"canonical\" href=\"https:\/\/limpiezaslatrinidad.com\/en\/empresa-limpieza-sevilla\/\" \/>\n<meta property=\"og:locale\" content=\"en_GB\" \/>\n<meta property=\"og:type\" content=\"article\" \/>\n<meta property=\"og:title\" content=\"Empresa de limpieza Sevilla\" \/>\n<meta property=\"og:description\" content=\"Limpiezas la Trinidad, empresa de limpieza en Sevilla l\u00edder del sector. Servicios integrales de limpieza, comunidades, industrias, comercios, eventos.\" \/>\n<meta property=\"og:url\" content=\"https:\/\/limpiezaslatrinidad.com\/en\/empresa-limpieza-sevilla\/\" \/>\n<meta property=\"og:site_name\" content=\"Empresa de limpieza en Sevilla\" \/>\n<meta property=\"article:publisher\" content=\"https:\/\/www.facebook.com\/limpiezaslatrinidad\/\" \/>\n<meta property=\"article:modified_time\" content=\"2025-10-01T09:50:05+00:00\" \/>\n<meta property=\"og:image\" content=\"https:\/\/limpiezaslatrinidad.com\/wp-content\/uploads\/2021\/01\/logo-trinidad-2021.png\" \/>\n\t<meta property=\"og:image:width\" content=\"300\" \/>\n\t<meta property=\"og:image:height\" content=\"100\" \/>\n\t<meta property=\"og:image:type\" content=\"image\/png\" \/>\n<meta name=\"twitter:card\" content=\"summary_large_image\" \/>\n<meta name=\"twitter:site\" content=\"@LimpiezasLT\" \/>\n<meta name=\"twitter:label1\" content=\"Estimated reading time\" \/>\n\t<meta name=\"twitter:data1\" content=\"1 minute\" \/>\n<script type=\"application\/ld+json\" class=\"yoast-schema-graph\">{\"@context\":\"https:\\\/\\\/schema.org\",\"@graph\":[{\"@type\":\"WebPage\",\"@id\":\"https:\\\/\\\/limpiezaslatrinidad.com\\\/empresa-limpieza-sevilla\\\/\",\"url\":\"https:\\\/\\\/limpiezaslatrinidad.com\\\/empresa-limpieza-sevilla\\\/\",\"name\":\"Empresa de limpieza Sevilla\",\"isPartOf\":{\"@id\":\"https:\\\/\\\/limpiezaslatrinidad.com\\\/en\\\/#website\"},\"datePublished\":\"2017-04-04T10:09:18+00:00\",\"dateModified\":\"2025-10-01T09:50:05+00:00\",\"description\":\"Limpiezas la Trinidad, empresa de limpieza en Sevilla l\u00edder del sector. Servicios integrales de limpieza, comunidades, industrias, comercios, eventos.\",\"breadcrumb\":{\"@id\":\"https:\\\/\\\/limpiezaslatrinidad.com\\\/empresa-limpieza-sevilla\\\/#breadcrumb\"},\"inLanguage\":\"en-GB\",\"potentialAction\":[{\"@type\":\"ReadAction\",\"target\":[\"https:\\\/\\\/limpiezaslatrinidad.com\\\/empresa-limpieza-sevilla\\\/\"]}]},{\"@type\":\"BreadcrumbList\",\"@id\":\"https:\\\/\\\/limpiezaslatrinidad.com\\\/empresa-limpieza-sevilla\\\/#breadcrumb\",\"itemListElement\":[{\"@type\":\"ListItem\",\"position\":1,\"name\":\"Portada\",\"item\":\"https:\\\/\\\/limpiezaslatrinidad.com\\\/\"},{\"@type\":\"ListItem\",\"position\":2,\"name\":\"Empresa\"}]},{\"@type\":\"WebSite\",\"@id\":\"https:\\\/\\\/limpiezaslatrinidad.com\\\/en\\\/#website\",\"url\":\"https:\\\/\\\/limpiezaslatrinidad.com\\\/en\\\/\",\"name\":\"Empresa de limpieza en Sevilla\",\"description\":\"Agencia de limpieza y mantenimiento.\",\"publisher\":{\"@id\":\"https:\\\/\\\/limpiezaslatrinidad.com\\\/en\\\/#organization\"},\"potentialAction\":[{\"@type\":\"SearchAction\",\"target\":{\"@type\":\"EntryPoint\",\"urlTemplate\":\"https:\\\/\\\/limpiezaslatrinidad.com\\\/en\\\/?s={search_term_string}\"},\"query-input\":{\"@type\":\"PropertyValueSpecification\",\"valueRequired\":true,\"valueName\":\"search_term_string\"}}],\"inLanguage\":\"en-GB\"},{\"@type\":\"Organization\",\"@id\":\"https:\\\/\\\/limpiezaslatrinidad.com\\\/en\\\/#organization\",\"name\":\"Limpiezas La Trinidad\",\"url\":\"https:\\\/\\\/limpiezaslatrinidad.com\\\/en\\\/\",\"logo\":{\"@type\":\"ImageObject\",\"inLanguage\":\"en-GB\",\"@id\":\"https:\\\/\\\/limpiezaslatrinidad.com\\\/en\\\/#\\\/schema\\\/logo\\\/image\\\/\",\"url\":\"https:\\\/\\\/limpiezaslatrinidad.com\\\/wp-content\\\/uploads\\\/2017\\\/04\\\/logo_limpiezas_trinidad.png\",\"contentUrl\":\"https:\\\/\\\/limpiezaslatrinidad.com\\\/wp-content\\\/uploads\\\/2017\\\/04\\\/logo_limpiezas_trinidad.png\",\"width\":251,\"height\":90,\"caption\":\"Limpiezas La Trinidad\"},\"image\":{\"@id\":\"https:\\\/\\\/limpiezaslatrinidad.com\\\/en\\\/#\\\/schema\\\/logo\\\/image\\\/\"},\"sameAs\":[\"https:\\\/\\\/www.facebook.com\\\/limpiezaslatrinidad\\\/\",\"https:\\\/\\\/x.com\\\/LimpiezasLT\",\"https:\\\/\\\/www.instagram.com\\\/limpiezaslatrinidad\\\/\",\"https:\\\/\\\/www.youtube.com\\\/channel\\\/UClVLbzdL1cS7guay308gCXQ\"]}]}<\/script>\n<!-- \/ Yoast SEO plugin. -->","yoast_head_json":{"title":"Empresa de limpieza Sevilla","description":"Limpiezas la Trinidad, empresa de limpieza en Sevilla l\u00edder del sector. Servicios integrales de limpieza, comunidades, industrias, comercios, eventos.","robots":{"index":"index","follow":"follow","max-snippet":"max-snippet:-1","max-image-preview":"max-image-preview:large","max-video-preview":"max-video-preview:-1"},"canonical":"https:\/\/limpiezaslatrinidad.com\/en\/empresa-limpieza-sevilla\/","og_locale":"en_GB","og_type":"article","og_title":"Empresa de limpieza Sevilla","og_description":"Limpiezas la Trinidad, empresa de limpieza en Sevilla l\u00edder del sector. Servicios integrales de limpieza, comunidades, industrias, comercios, eventos.","og_url":"https:\/\/limpiezaslatrinidad.com\/en\/empresa-limpieza-sevilla\/","og_site_name":"Empresa de limpieza en Sevilla","article_publisher":"https:\/\/www.facebook.com\/limpiezaslatrinidad\/","article_modified_time":"2025-10-01T09:50:05+00:00","og_image":[{"width":300,"height":100,"url":"https:\/\/limpiezaslatrinidad.com\/wp-content\/uploads\/2021\/01\/logo-trinidad-2021.png","type":"image\/png"}],"twitter_card":"summary_large_image","twitter_site":"@LimpiezasLT","twitter_misc":{"Estimated reading time":"1 minute"},"schema":{"@context":"https:\/\/schema.org","@graph":[{"@type":"WebPage","@id":"https:\/\/limpiezaslatrinidad.com\/empresa-limpieza-sevilla\/","url":"https:\/\/limpiezaslatrinidad.com\/empresa-limpieza-sevilla\/","name":"Empresa de limpieza Sevilla","isPartOf":{"@id":"https:\/\/limpiezaslatrinidad.com\/en\/#website"},"datePublished":"2017-04-04T10:09:18+00:00","dateModified":"2025-10-01T09:50:05+00:00","description":"Limpiezas la Trinidad, empresa de limpieza en Sevilla l\u00edder del sector. Servicios integrales de limpieza, comunidades, industrias, comercios, eventos.","breadcrumb":{"@id":"https:\/\/limpiezaslatrinidad.com\/empresa-limpieza-sevilla\/#breadcrumb"},"inLanguage":"en-GB","potentialAction":[{"@type":"ReadAction","target":["https:\/\/limpiezaslatrinidad.com\/empresa-limpieza-sevilla\/"]}]},{"@type":"BreadcrumbList","@id":"https:\/\/limpiezaslatrinidad.com\/empresa-limpieza-sevilla\/#breadcrumb","itemListElement":[{"@type":"ListItem","position":1,"name":"Portada","item":"https:\/\/limpiezaslatrinidad.com\/"},{"@type":"ListItem","position":2,"name":"Empresa"}]},{"@type":"WebSite","@id":"https:\/\/limpiezaslatrinidad.com\/en\/#website","url":"https:\/\/limpiezaslatrinidad.com\/en\/","name":"Empresa de limpieza en Sevilla","description":"Agencia de limpieza y mantenimiento.","publisher":{"@id":"https:\/\/limpiezaslatrinidad.com\/en\/#organization"},"potentialAction":[{"@type":"SearchAction","target":{"@type":"EntryPoint","urlTemplate":"https:\/\/limpiezaslatrinidad.com\/en\/?s={search_term_string}"},"query-input":{"@type":"PropertyValueSpecification","valueRequired":true,"valueName":"search_term_string"}}],"inLanguage":"en-GB"},{"@type":"Organization","@id":"https:\/\/limpiezaslatrinidad.com\/en\/#organization","name":"Limpiezas La Trinidad","url":"https:\/\/limpiezaslatrinidad.com\/en\/","logo":{"@type":"ImageObject","inLanguage":"en-GB","@id":"https:\/\/limpiezaslatrinidad.com\/en\/#\/schema\/logo\/image\/","url":"https:\/\/limpiezaslatrinidad.com\/wp-content\/uploads\/2017\/04\/logo_limpiezas_trinidad.png","contentUrl":"https:\/\/limpiezaslatrinidad.com\/wp-content\/uploads\/2017\/04\/logo_limpiezas_trinidad.png","width":251,"height":90,"caption":"Limpiezas La Trinidad"},"image":{"@id":"https:\/\/limpiezaslatrinidad.com\/en\/#\/schema\/logo\/image\/"},"sameAs":["https:\/\/www.facebook.com\/limpiezaslatrinidad\/","https:\/\/x.com\/LimpiezasLT","https:\/\/www.instagram.com\/limpiezaslatrinidad\/","https:\/\/www.youtube.com\/channel\/UClVLbzdL1cS7guay308gCXQ"]}]}},"_links":{"self":[{"href":"https:\/\/limpiezaslatrinidad.com\/en\/wp-json\/wp\/v2\/pages\/23","targetHints":{"allow":["GET"]}}],"collection":[{"href":"https:\/\/limpiezaslatrinidad.com\/en\/wp-json\/wp\/v2\/pages"}],"about":[{"href":"https:\/\/limpiezaslatrinidad.com\/en\/wp-json\/wp\/v2\/types\/page"}],"author":[{"embeddable":true,"href":"https:\/\/limpiezaslatrinidad.com\/en\/wp-json\/wp\/v2\/users\/1"}],"replies":[{"embeddable":true,"href":"https:\/\/limpiezaslatrinidad.com\/en\/wp-json\/wp\/v2\/comments?post=23"}],"version-history":[{"count":0,"href":"https:\/\/limpiezaslatrinidad.com\/en\/wp-json\/wp\/v2\/pages\/23\/revisions"}],"wp:attachment":[{"href":"https:\/\/limpiezaslatrinidad.com\/en\/wp-json\/wp\/v2\/media?parent=23"}],"curies":[{"name":"wp","href":"https:\/\/api.w.org\/{rel}","templated":true}]}}