{"id":4273,"date":"2022-12-02T10:54:25","date_gmt":"2022-12-02T08:54:25","guid":{"rendered":"https:\/\/limpiezaslatrinidad.com\/?page_id=4273"},"modified":"2022-12-02T10:55:20","modified_gmt":"2022-12-02T08:55:20","slug":"curriculum-recibido","status":"publish","type":"page","link":"https:\/\/limpiezaslatrinidad.com\/en\/curriculum-recibido\/","title":{"rendered":"Curriculum recibido"},"content":{"rendered":"<div data-elementor-type=\"wp-page\" data-elementor-id=\"4273\" class=\"elementor elementor-4273\" data-elementor-post-type=\"page\">\n\t\t\t\t\t\t<section class=\"elementor-section elementor-top-section elementor-element elementor-element-78dfeb2 elementor-section-boxed elementor-section-height-default elementor-section-height-default\" data-id=\"78dfeb2\" data-element_type=\"section\" data-e-type=\"section\">\n\t\t\t\t\t\t<div class=\"elementor-container elementor-column-gap-default\">\n\t\t\t\t\t<div class=\"elementor-column elementor-col-100 elementor-top-column elementor-element elementor-element-ba51d1c\" data-id=\"ba51d1c\" data-element_type=\"column\" data-e-type=\"column\">\n\t\t\t<div class=\"elementor-widget-wrap elementor-element-populated\">\n\t\t\t\t\t\t<div class=\"elementor-element elementor-element-1cea607c elementor-widget elementor-widget-text-editor\" data-id=\"1cea607c\" data-element_type=\"widget\" data-e-type=\"widget\" data-widget_type=\"text-editor.default\">\n\t\t\t\t<div class=\"elementor-widget-container\">\n\t\t\t\t\t\t\t\t\t<p>Hemos recibido su curriculum correctamente, nos pondremos en contacto con usted a la mayor brevedad posible. Si lo desea, puede envi\u00e1rnoslo tambi\u00e9n al email <a href=\"mailto:rrhh@limpiezaslatrinidad.com\"><b>rrhh@limpiezaslatrinidad.com<\/b><\/a><\/p><p><em>Tambi\u00e9n puede contactar con nosotros en:<\/em><br \/><em>C\/ Boabdil, 6 Parque Empresarial Vega del Rey, Edificio Vega 7 1\u00aa Planta 41900 Camas\u00a0(Sevilla)<\/em><\/p>\t\t\t\t\t\t\t\t<\/div>\n\t\t\t\t<\/div>\n\t\t\t\t\t<\/div>\n\t\t<\/div>\n\t\t\t\t\t<\/div>\n\t\t<\/section>\n\t\t\t\t<section class=\"elementor-section elementor-top-section elementor-element elementor-element-5a65063 elementor-section-boxed elementor-section-height-default elementor-section-height-default\" data-id=\"5a65063\" data-element_type=\"section\" data-e-type=\"section\">\n\t\t\t\t\t\t<div class=\"elementor-container elementor-column-gap-default\">\n\t\t\t\t\t<div class=\"elementor-column elementor-col-100 elementor-top-column elementor-element elementor-element-66d9a9c\" data-id=\"66d9a9c\" data-element_type=\"column\" data-e-type=\"column\">\n\t\t\t<div class=\"elementor-widget-wrap elementor-element-populated\">\n\t\t\t\t\t\t<div class=\"elementor-element elementor-element-d306e25 elementor-widget elementor-widget-google_maps\" data-id=\"d306e25\" data-element_type=\"widget\" data-e-type=\"widget\" data-widget_type=\"google_maps.default\">\n\t\t\t\t<div class=\"elementor-widget-container\">\n\t\t\t\t\t\t\t<div class=\"elementor-custom-embed\">\n\t\t\t<iframe loading=\"lazy\"\n\t\t\t\t\tsrc=\"https:\/\/maps.google.com\/maps?q=limpiezas%20las%20trinidad&#038;t=m&#038;z=15&#038;output=embed&#038;iwloc=near\"\n\t\t\t\t\ttitle=\"limpiezas las trinidad\"\n\t\t\t\t\taria-label=\"limpiezas las trinidad\"\n\t\t\t><\/iframe>\n\t\t<\/div>\n\t\t\t\t\t\t<\/div>\n\t\t\t\t<\/div>\n\t\t\t\t\t<\/div>\n\t\t<\/div>\n\t\t\t\t\t<\/div>\n\t\t<\/section>\n\t\t\t\t<\/div>","protected":false},"excerpt":{"rendered":"<p>Hemos recibido su curriculum correctamente, nos pondremos en contacto con usted a la mayor brevedad posible. Si lo desea, puede envi\u00e1rnoslo tambi\u00e9n al email rrhh@limpiezaslatrinidad.com Tambi\u00e9n puede contactar con nosotros en: C\/ Boabdil, 6 Parque Empresarial Vega del Rey, Edificio Vega 7 1\u00aa Planta 41900 Camas&nbsp;(Sevilla)<\/p>","protected":false},"author":1,"featured_media":0,"parent":0,"menu_order":0,"comment_status":"closed","ping_status":"closed","template":"elementor_header_footer","meta":{"footnotes":""},"class_list":["post-4273","page","type-page","status-publish","hentry"],"yoast_head":"<!-- This site is optimized with the Yoast SEO plugin v27.4 - https:\/\/yoast.com\/product\/yoast-seo-wordpress\/ -->\n<title>Curriculum recibido<\/title>\n<meta name=\"robots\" content=\"index, follow, max-snippet:-1, max-image-preview:large, max-video-preview:-1\" \/>\n<link rel=\"canonical\" href=\"https:\/\/limpiezaslatrinidad.com\/en\/curriculum-recibido\/\" \/>\n<meta property=\"og:locale\" content=\"en_GB\" \/>\n<meta property=\"og:type\" content=\"article\" \/>\n<meta property=\"og:title\" content=\"Curriculum recibido\" \/>\n<meta property=\"og:description\" content=\"Hemos recibido su curriculum correctamente, nos pondremos en contacto con usted a la mayor brevedad posible. Si lo desea, puede envi\u00e1rnoslo tambi\u00e9n al email rrhh@limpiezaslatrinidad.com Tambi\u00e9n puede contactar con nosotros en: C\/ Boabdil, 6 Parque Empresarial Vega del Rey, Edificio Vega 7 1\u00aa Planta 41900 Camas&nbsp;(Sevilla)\" \/>\n<meta property=\"og:url\" content=\"https:\/\/limpiezaslatrinidad.com\/en\/curriculum-recibido\/\" \/>\n<meta property=\"og:site_name\" content=\"Empresa de limpieza en Sevilla\" \/>\n<meta property=\"article:publisher\" content=\"https:\/\/www.facebook.com\/limpiezaslatrinidad\/\" \/>\n<meta property=\"article:modified_time\" content=\"2022-12-02T08:55:20+00:00\" \/>\n<meta property=\"og:image\" content=\"https:\/\/limpiezaslatrinidad.com\/wp-content\/uploads\/2021\/01\/logo-trinidad-2021.png\" \/>\n\t<meta property=\"og:image:width\" content=\"300\" \/>\n\t<meta property=\"og:image:height\" content=\"100\" \/>\n\t<meta property=\"og:image:type\" content=\"image\/png\" \/>\n<meta name=\"twitter:card\" content=\"summary_large_image\" \/>\n<meta name=\"twitter:site\" content=\"@LimpiezasLT\" \/>\n<meta name=\"twitter:label1\" content=\"Estimated reading time\" \/>\n\t<meta name=\"twitter:data1\" content=\"1 minute\" \/>\n<script type=\"application\/ld+json\" class=\"yoast-schema-graph\">{\"@context\":\"https:\\\/\\\/schema.org\",\"@graph\":[{\"@type\":\"WebPage\",\"@id\":\"https:\\\/\\\/limpiezaslatrinidad.com\\\/curriculum-recibido\\\/\",\"url\":\"https:\\\/\\\/limpiezaslatrinidad.com\\\/curriculum-recibido\\\/\",\"name\":\"Curriculum recibido\",\"isPartOf\":{\"@id\":\"https:\\\/\\\/limpiezaslatrinidad.com\\\/en\\\/#website\"},\"datePublished\":\"2022-12-02T08:54:25+00:00\",\"dateModified\":\"2022-12-02T08:55:20+00:00\",\"breadcrumb\":{\"@id\":\"https:\\\/\\\/limpiezaslatrinidad.com\\\/curriculum-recibido\\\/#breadcrumb\"},\"inLanguage\":\"en-GB\",\"potentialAction\":[{\"@type\":\"ReadAction\",\"target\":[\"https:\\\/\\\/limpiezaslatrinidad.com\\\/curriculum-recibido\\\/\"]}]},{\"@type\":\"BreadcrumbList\",\"@id\":\"https:\\\/\\\/limpiezaslatrinidad.com\\\/curriculum-recibido\\\/#breadcrumb\",\"itemListElement\":[{\"@type\":\"ListItem\",\"position\":1,\"name\":\"Portada\",\"item\":\"https:\\\/\\\/limpiezaslatrinidad.com\\\/\"},{\"@type\":\"ListItem\",\"position\":2,\"name\":\"Curriculum recibido\"}]},{\"@type\":\"WebSite\",\"@id\":\"https:\\\/\\\/limpiezaslatrinidad.com\\\/en\\\/#website\",\"url\":\"https:\\\/\\\/limpiezaslatrinidad.com\\\/en\\\/\",\"name\":\"Empresa de limpieza en Sevilla\",\"description\":\"Agencia de limpieza y mantenimiento.\",\"publisher\":{\"@id\":\"https:\\\/\\\/limpiezaslatrinidad.com\\\/en\\\/#organization\"},\"potentialAction\":[{\"@type\":\"SearchAction\",\"target\":{\"@type\":\"EntryPoint\",\"urlTemplate\":\"https:\\\/\\\/limpiezaslatrinidad.com\\\/en\\\/?s={search_term_string}\"},\"query-input\":{\"@type\":\"PropertyValueSpecification\",\"valueRequired\":true,\"valueName\":\"search_term_string\"}}],\"inLanguage\":\"en-GB\"},{\"@type\":\"Organization\",\"@id\":\"https:\\\/\\\/limpiezaslatrinidad.com\\\/en\\\/#organization\",\"name\":\"Limpiezas La Trinidad\",\"url\":\"https:\\\/\\\/limpiezaslatrinidad.com\\\/en\\\/\",\"logo\":{\"@type\":\"ImageObject\",\"inLanguage\":\"en-GB\",\"@id\":\"https:\\\/\\\/limpiezaslatrinidad.com\\\/en\\\/#\\\/schema\\\/logo\\\/image\\\/\",\"url\":\"https:\\\/\\\/limpiezaslatrinidad.com\\\/wp-content\\\/uploads\\\/2017\\\/04\\\/logo_limpiezas_trinidad.png\",\"contentUrl\":\"https:\\\/\\\/limpiezaslatrinidad.com\\\/wp-content\\\/uploads\\\/2017\\\/04\\\/logo_limpiezas_trinidad.png\",\"width\":251,\"height\":90,\"caption\":\"Limpiezas La Trinidad\"},\"image\":{\"@id\":\"https:\\\/\\\/limpiezaslatrinidad.com\\\/en\\\/#\\\/schema\\\/logo\\\/image\\\/\"},\"sameAs\":[\"https:\\\/\\\/www.facebook.com\\\/limpiezaslatrinidad\\\/\",\"https:\\\/\\\/x.com\\\/LimpiezasLT\",\"https:\\\/\\\/www.instagram.com\\\/limpiezaslatrinidad\\\/\",\"https:\\\/\\\/www.youtube.com\\\/channel\\\/UClVLbzdL1cS7guay308gCXQ\"]}]}<\/script>\n<!-- \/ Yoast SEO plugin. -->","yoast_head_json":{"title":"Curriculum recibido","robots":{"index":"index","follow":"follow","max-snippet":"max-snippet:-1","max-image-preview":"max-image-preview:large","max-video-preview":"max-video-preview:-1"},"canonical":"https:\/\/limpiezaslatrinidad.com\/en\/curriculum-recibido\/","og_locale":"en_GB","og_type":"article","og_title":"Curriculum recibido","og_description":"Hemos recibido su curriculum correctamente, nos pondremos en contacto con usted a la mayor brevedad posible. Si lo desea, puede envi\u00e1rnoslo tambi\u00e9n al email rrhh@limpiezaslatrinidad.com Tambi\u00e9n puede contactar con nosotros en: C\/ Boabdil, 6 Parque Empresarial Vega del Rey, Edificio Vega 7 1\u00aa Planta 41900 Camas&nbsp;(Sevilla)","og_url":"https:\/\/limpiezaslatrinidad.com\/en\/curriculum-recibido\/","og_site_name":"Empresa de limpieza en Sevilla","article_publisher":"https:\/\/www.facebook.com\/limpiezaslatrinidad\/","article_modified_time":"2022-12-02T08:55:20+00:00","og_image":[{"width":300,"height":100,"url":"https:\/\/limpiezaslatrinidad.com\/wp-content\/uploads\/2021\/01\/logo-trinidad-2021.png","type":"image\/png"}],"twitter_card":"summary_large_image","twitter_site":"@LimpiezasLT","twitter_misc":{"Estimated reading time":"1 minute"},"schema":{"@context":"https:\/\/schema.org","@graph":[{"@type":"WebPage","@id":"https:\/\/limpiezaslatrinidad.com\/curriculum-recibido\/","url":"https:\/\/limpiezaslatrinidad.com\/curriculum-recibido\/","name":"Curriculum recibido","isPartOf":{"@id":"https:\/\/limpiezaslatrinidad.com\/en\/#website"},"datePublished":"2022-12-02T08:54:25+00:00","dateModified":"2022-12-02T08:55:20+00:00","breadcrumb":{"@id":"https:\/\/limpiezaslatrinidad.com\/curriculum-recibido\/#breadcrumb"},"inLanguage":"en-GB","potentialAction":[{"@type":"ReadAction","target":["https:\/\/limpiezaslatrinidad.com\/curriculum-recibido\/"]}]},{"@type":"BreadcrumbList","@id":"https:\/\/limpiezaslatrinidad.com\/curriculum-recibido\/#breadcrumb","itemListElement":[{"@type":"ListItem","position":1,"name":"Portada","item":"https:\/\/limpiezaslatrinidad.com\/"},{"@type":"ListItem","position":2,"name":"Curriculum recibido"}]},{"@type":"WebSite","@id":"https:\/\/limpiezaslatrinidad.com\/en\/#website","url":"https:\/\/limpiezaslatrinidad.com\/en\/","name":"Empresa de limpieza en Sevilla","description":"Agencia de limpieza y mantenimiento.","publisher":{"@id":"https:\/\/limpiezaslatrinidad.com\/en\/#organization"},"potentialAction":[{"@type":"SearchAction","target":{"@type":"EntryPoint","urlTemplate":"https:\/\/limpiezaslatrinidad.com\/en\/?s={search_term_string}"},"query-input":{"@type":"PropertyValueSpecification","valueRequired":true,"valueName":"search_term_string"}}],"inLanguage":"en-GB"},{"@type":"Organization","@id":"https:\/\/limpiezaslatrinidad.com\/en\/#organization","name":"Limpiezas La Trinidad","url":"https:\/\/limpiezaslatrinidad.com\/en\/","logo":{"@type":"ImageObject","inLanguage":"en-GB","@id":"https:\/\/limpiezaslatrinidad.com\/en\/#\/schema\/logo\/image\/","url":"https:\/\/limpiezaslatrinidad.com\/wp-content\/uploads\/2017\/04\/logo_limpiezas_trinidad.png","contentUrl":"https:\/\/limpiezaslatrinidad.com\/wp-content\/uploads\/2017\/04\/logo_limpiezas_trinidad.png","width":251,"height":90,"caption":"Limpiezas La Trinidad"},"image":{"@id":"https:\/\/limpiezaslatrinidad.com\/en\/#\/schema\/logo\/image\/"},"sameAs":["https:\/\/www.facebook.com\/limpiezaslatrinidad\/","https:\/\/x.com\/LimpiezasLT","https:\/\/www.instagram.com\/limpiezaslatrinidad\/","https:\/\/www.youtube.com\/channel\/UClVLbzdL1cS7guay308gCXQ"]}]}},"_links":{"self":[{"href":"https:\/\/limpiezaslatrinidad.com\/en\/wp-json\/wp\/v2\/pages\/4273","targetHints":{"allow":["GET"]}}],"collection":[{"href":"https:\/\/limpiezaslatrinidad.com\/en\/wp-json\/wp\/v2\/pages"}],"about":[{"href":"https:\/\/limpiezaslatrinidad.com\/en\/wp-json\/wp\/v2\/types\/page"}],"author":[{"embeddable":true,"href":"https:\/\/limpiezaslatrinidad.com\/en\/wp-json\/wp\/v2\/users\/1"}],"replies":[{"embeddable":true,"href":"https:\/\/limpiezaslatrinidad.com\/en\/wp-json\/wp\/v2\/comments?post=4273"}],"version-history":[{"count":0,"href":"https:\/\/limpiezaslatrinidad.com\/en\/wp-json\/wp\/v2\/pages\/4273\/revisions"}],"wp:attachment":[{"href":"https:\/\/limpiezaslatrinidad.com\/en\/wp-json\/wp\/v2\/media?parent=4273"}],"curies":[{"name":"wp","href":"https:\/\/api.w.org\/{rel}","templated":true}]}}