{"id":5144,"date":"2023-10-10T13:46:59","date_gmt":"2023-10-10T11:46:59","guid":{"rendered":"https:\/\/limpiezaslatrinidad.com\/?page_id=5144"},"modified":"2025-08-13T11:34:09","modified_gmt":"2025-08-13T09:34:09","slug":"maximas-de-la-empresa","status":"publish","type":"page","link":"https:\/\/limpiezaslatrinidad.com\/en\/maximas-de-la-empresa\/","title":{"rendered":"M\u00e1ximas de la empresa"},"content":{"rendered":"<div data-elementor-type=\"wp-page\" data-elementor-id=\"5144\" class=\"elementor elementor-5144\" data-elementor-post-type=\"page\">\n\t\t\t\t\t\t<section class=\"elementor-section elementor-top-section elementor-element elementor-element-4c91146 elementor-section-boxed elementor-section-height-default elementor-section-height-default\" data-id=\"4c91146\" data-element_type=\"section\" data-e-type=\"section\">\n\t\t\t\t\t\t<div class=\"elementor-container elementor-column-gap-default\">\n\t\t\t\t\t<div class=\"elementor-column elementor-col-50 elementor-top-column elementor-element elementor-element-e181cc6\" data-id=\"e181cc6\" data-element_type=\"column\" data-e-type=\"column\">\n\t\t\t<div class=\"elementor-widget-wrap elementor-element-populated\">\n\t\t\t\t\t\t<div class=\"elementor-element elementor-element-beb389c elementor-widget elementor-widget-heading\" data-id=\"beb389c\" data-element_type=\"widget\" data-e-type=\"widget\" data-widget_type=\"heading.default\">\n\t\t\t\t<div class=\"elementor-widget-container\">\n\t\t\t\t\t<h2 class=\"elementor-heading-title elementor-size-default\">Nuestras normas de conducta establecen los principios b\u00e1sicos que deben seguir nuestros trabajadores en su trabajo d\u00eda a d\u00eda<\/h2>\t\t\t\t<\/div>\n\t\t\t\t<\/div>\n\t\t\t\t<div class=\"elementor-element elementor-element-514703e elementor-widget elementor-widget-text-editor\" data-id=\"514703e\" data-element_type=\"widget\" data-e-type=\"widget\" data-widget_type=\"text-editor.default\">\n\t\t\t\t<div class=\"elementor-widget-container\">\n\t\t\t\t\t\t\t\t\t<p>Somos transparentes y tenemos cero tolerancia ante la comisi\u00f3n de delitos, no consentimos el acoso laboral por parte de ning\u00fan\/a trabajador\/a, no aceptamos pagos no documentados, trabajamos y nos mantenemos neutrales en nuestro posicionamiento social.<\/p><p>Usamos nuestros recursos respetando sobre todo el medio ambiente, utilizando estos de manera racional y razonable.<\/p><p>Todo nuestro personal debe mantener la confidencialidad de los datos que conozca de nuestra empresa, igual que nosotros protegemos todos sus datos y de nuestros clientes.<\/p>\t\t\t\t\t\t\t\t<\/div>\n\t\t\t\t<\/div>\n\t\t\t\t<div class=\"elementor-element elementor-element-834b458 elementor-widget elementor-widget-heading\" data-id=\"834b458\" data-element_type=\"widget\" data-e-type=\"widget\" data-widget_type=\"heading.default\">\n\t\t\t\t<div class=\"elementor-widget-container\">\n\t\t\t\t\t<h2 class=\"elementor-heading-title elementor-size-default\">Respeto por los derechos actuando de forma \u00e9tica en todos nuestros trabajos<\/h2>\t\t\t\t<\/div>\n\t\t\t\t<\/div>\n\t\t\t\t<div class=\"elementor-element elementor-element-d15a284 elementor-widget elementor-widget-text-editor\" data-id=\"d15a284\" data-element_type=\"widget\" data-e-type=\"widget\" data-widget_type=\"text-editor.default\">\n\t\t\t\t<div class=\"elementor-widget-container\">\n\t\t\t\t\t\t\t\t\t<p>En limpiezas La Trinidad respetamos a nuestros competidores y actuamos de forma leal, usamos publicidad l\u00edcita basada en la igualdad y la inclusividad.<\/p>\n<p>Cumplimos con toda la legalidad vigente de pago y todo lo que supone, adem\u00e1s en nuestras normas est\u00e1 prohibido el consumo de alcohol o drogas dentro de las instalaciones donde se este realizando nuestro trabajo.<\/p>\n<p>Respetamos los derechos fundamentales y libertades dentro de la legalidad, sin importar el sexo, la nacionalidad, origen y\/o discapacidad. Condenamos los actos de violencia o discriminaci\u00f3n dentro del sector y cumplimos con el protocolo de actuaci\u00f3n reglamentario ante cualquier situaci\u00f3n o conducta de acoso laboral.<\/p>\t\t\t\t\t\t\t\t<\/div>\n\t\t\t\t<\/div>\n\t\t\t\t<div class=\"elementor-element elementor-element-927a70a elementor-widget elementor-widget-button\" data-id=\"927a70a\" data-element_type=\"widget\" data-e-type=\"widget\" data-widget_type=\"button.default\">\n\t\t\t\t<div class=\"elementor-widget-container\">\n\t\t\t\t\t\t\t\t\t<div class=\"elementor-button-wrapper\">\n\t\t\t\t\t<a class=\"elementor-button elementor-button-link elementor-size-sm\" href=\"https:\/\/limpiezaslatrinidad.com\/en\/social\/\">\n\t\t\t\t\t\t<span class=\"elementor-button-content-wrapper\">\n\t\t\t\t\t\t<span class=\"elementor-button-icon\">\n\t\t\t\t<i aria-hidden=\"true\" class=\"far fa-arrow-alt-circle-left\"><\/i>\t\t\t<\/span>\n\t\t\t\t\t\t\t\t\t<span class=\"elementor-button-text\">Volver<\/span>\n\t\t\t\t\t<\/span>\n\t\t\t\t\t<\/a>\n\t\t\t\t<\/div>\n\t\t\t\t\t\t\t\t<\/div>\n\t\t\t\t<\/div>\n\t\t\t\t\t<\/div>\n\t\t<\/div>\n\t\t\t\t<div class=\"elementor-column elementor-col-50 elementor-top-column elementor-element elementor-element-c8a5dbf\" data-id=\"c8a5dbf\" data-element_type=\"column\" data-e-type=\"column\" data-settings=\"{&quot;background_background&quot;:&quot;classic&quot;}\">\n\t\t\t<div class=\"elementor-widget-wrap elementor-element-populated\">\n\t\t\t\t\t\t<div class=\"elementor-element elementor-element-f052838 elementor-widget elementor-widget-image\" data-id=\"f052838\" data-element_type=\"widget\" data-e-type=\"widget\" data-widget_type=\"image.default\">\n\t\t\t\t<div class=\"elementor-widget-container\">\n\t\t\t\t\t\t\t\t\t\t\t\t\t\t\t<img fetchpriority=\"high\" decoding=\"async\" width=\"683\" height=\"1024\" src=\"https:\/\/limpiezaslatrinidad.com\/wp-content\/uploads\/2025\/08\/Limpiadora-limpiezas-la-trinidad-683x1024.jpg\" class=\"attachment-large size-large wp-image-7649\" alt=\"\" srcset=\"https:\/\/limpiezaslatrinidad.com\/wp-content\/uploads\/2025\/08\/Limpiadora-limpiezas-la-trinidad-683x1024.jpg 683w, https:\/\/limpiezaslatrinidad.com\/wp-content\/uploads\/2025\/08\/Limpiadora-limpiezas-la-trinidad-200x300.jpg 200w, https:\/\/limpiezaslatrinidad.com\/wp-content\/uploads\/2025\/08\/Limpiadora-limpiezas-la-trinidad-768x1152.jpg 768w, https:\/\/limpiezaslatrinidad.com\/wp-content\/uploads\/2025\/08\/Limpiadora-limpiezas-la-trinidad.jpg 912w\" sizes=\"(max-width: 683px) 100vw, 683px\" \/>\t\t\t\t\t\t\t\t\t\t\t\t\t\t\t<\/div>\n\t\t\t\t<\/div>\n\t\t\t\t\t<\/div>\n\t\t<\/div>\n\t\t\t\t\t<\/div>\n\t\t<\/section>\n\t\t\t\t<\/div>","protected":false},"excerpt":{"rendered":"<p>Nuestras normas de conducta establecen los principios b\u00e1sicos que deben seguir nuestros trabajadores en su trabajo d\u00eda a d\u00eda Somos transparentes y tenemos cero tolerancia ante la comisi\u00f3n de delitos, no consentimos el acoso laboral por parte de ning\u00fan\/a trabajador\/a, no aceptamos pagos no documentados, trabajamos y nos mantenemos neutrales en nuestro posicionamiento social. Usamos [&hellip;]<\/p>\n","protected":false},"author":1,"featured_media":0,"parent":0,"menu_order":0,"comment_status":"closed","ping_status":"closed","template":"elementor_header_footer","meta":{"footnotes":""},"class_list":["post-5144","page","type-page","status-publish","hentry"],"yoast_head":"<!-- This site is optimized with the Yoast SEO plugin v27.4 - https:\/\/yoast.com\/product\/yoast-seo-wordpress\/ -->\n<title>M\u00e1ximas de la empresa<\/title>\n<meta name=\"robots\" content=\"index, follow, max-snippet:-1, max-image-preview:large, max-video-preview:-1\" \/>\n<link rel=\"canonical\" href=\"https:\/\/limpiezaslatrinidad.com\/en\/maximas-de-la-empresa\/\" \/>\n<meta property=\"og:locale\" content=\"en_GB\" \/>\n<meta property=\"og:type\" content=\"article\" \/>\n<meta property=\"og:title\" content=\"M\u00e1ximas de la empresa\" \/>\n<meta property=\"og:description\" content=\"Nuestras normas de conducta establecen los principios b\u00e1sicos que deben seguir nuestros trabajadores en su trabajo d\u00eda a d\u00eda Somos transparentes y tenemos cero tolerancia ante la comisi\u00f3n de delitos, no consentimos el acoso laboral por parte de ning\u00fan\/a trabajador\/a, no aceptamos pagos no documentados, trabajamos y nos mantenemos neutrales en nuestro posicionamiento social. Usamos [&hellip;]\" \/>\n<meta property=\"og:url\" content=\"https:\/\/limpiezaslatrinidad.com\/en\/maximas-de-la-empresa\/\" \/>\n<meta property=\"og:site_name\" content=\"Empresa de limpieza en Sevilla\" \/>\n<meta property=\"article:publisher\" content=\"https:\/\/www.facebook.com\/limpiezaslatrinidad\/\" \/>\n<meta property=\"article:modified_time\" content=\"2025-08-13T09:34:09+00:00\" \/>\n<meta property=\"og:image\" content=\"https:\/\/limpiezaslatrinidad.bevalentina.com\/wp-content\/uploads\/2025\/08\/Limpiadora-limpiezas-la-trinidad-683x1024.jpg\" \/>\n<meta name=\"twitter:card\" content=\"summary_large_image\" \/>\n<meta name=\"twitter:site\" content=\"@LimpiezasLT\" \/>\n<meta name=\"twitter:label1\" content=\"Estimated reading time\" \/>\n\t<meta name=\"twitter:data1\" content=\"1 minute\" \/>\n<script type=\"application\/ld+json\" class=\"yoast-schema-graph\">{\"@context\":\"https:\\\/\\\/schema.org\",\"@graph\":[{\"@type\":\"WebPage\",\"@id\":\"https:\\\/\\\/limpiezaslatrinidad.com\\\/maximas-de-la-empresa\\\/\",\"url\":\"https:\\\/\\\/limpiezaslatrinidad.com\\\/maximas-de-la-empresa\\\/\",\"name\":\"M\u00e1ximas de la empresa\",\"isPartOf\":{\"@id\":\"https:\\\/\\\/limpiezaslatrinidad.com\\\/en\\\/#website\"},\"primaryImageOfPage\":{\"@id\":\"https:\\\/\\\/limpiezaslatrinidad.com\\\/maximas-de-la-empresa\\\/#primaryimage\"},\"image\":{\"@id\":\"https:\\\/\\\/limpiezaslatrinidad.com\\\/maximas-de-la-empresa\\\/#primaryimage\"},\"thumbnailUrl\":\"https:\\\/\\\/limpiezaslatrinidad.bevalentina.com\\\/wp-content\\\/uploads\\\/2025\\\/08\\\/Limpiadora-limpiezas-la-trinidad-683x1024.jpg\",\"datePublished\":\"2023-10-10T11:46:59+00:00\",\"dateModified\":\"2025-08-13T09:34:09+00:00\",\"breadcrumb\":{\"@id\":\"https:\\\/\\\/limpiezaslatrinidad.com\\\/maximas-de-la-empresa\\\/#breadcrumb\"},\"inLanguage\":\"en-GB\",\"potentialAction\":[{\"@type\":\"ReadAction\",\"target\":[\"https:\\\/\\\/limpiezaslatrinidad.com\\\/maximas-de-la-empresa\\\/\"]}]},{\"@type\":\"ImageObject\",\"inLanguage\":\"en-GB\",\"@id\":\"https:\\\/\\\/limpiezaslatrinidad.com\\\/maximas-de-la-empresa\\\/#primaryimage\",\"url\":\"https:\\\/\\\/limpiezaslatrinidad.bevalentina.com\\\/wp-content\\\/uploads\\\/2025\\\/08\\\/Limpiadora-limpiezas-la-trinidad-683x1024.jpg\",\"contentUrl\":\"https:\\\/\\\/limpiezaslatrinidad.bevalentina.com\\\/wp-content\\\/uploads\\\/2025\\\/08\\\/Limpiadora-limpiezas-la-trinidad-683x1024.jpg\"},{\"@type\":\"BreadcrumbList\",\"@id\":\"https:\\\/\\\/limpiezaslatrinidad.com\\\/maximas-de-la-empresa\\\/#breadcrumb\",\"itemListElement\":[{\"@type\":\"ListItem\",\"position\":1,\"name\":\"Portada\",\"item\":\"https:\\\/\\\/limpiezaslatrinidad.com\\\/\"},{\"@type\":\"ListItem\",\"position\":2,\"name\":\"M\u00e1ximas de la empresa\"}]},{\"@type\":\"WebSite\",\"@id\":\"https:\\\/\\\/limpiezaslatrinidad.com\\\/en\\\/#website\",\"url\":\"https:\\\/\\\/limpiezaslatrinidad.com\\\/en\\\/\",\"name\":\"Empresa de limpieza en Sevilla\",\"description\":\"Agencia de limpieza y mantenimiento.\",\"publisher\":{\"@id\":\"https:\\\/\\\/limpiezaslatrinidad.com\\\/en\\\/#organization\"},\"potentialAction\":[{\"@type\":\"SearchAction\",\"target\":{\"@type\":\"EntryPoint\",\"urlTemplate\":\"https:\\\/\\\/limpiezaslatrinidad.com\\\/en\\\/?s={search_term_string}\"},\"query-input\":{\"@type\":\"PropertyValueSpecification\",\"valueRequired\":true,\"valueName\":\"search_term_string\"}}],\"inLanguage\":\"en-GB\"},{\"@type\":\"Organization\",\"@id\":\"https:\\\/\\\/limpiezaslatrinidad.com\\\/en\\\/#organization\",\"name\":\"Limpiezas La Trinidad\",\"url\":\"https:\\\/\\\/limpiezaslatrinidad.com\\\/en\\\/\",\"logo\":{\"@type\":\"ImageObject\",\"inLanguage\":\"en-GB\",\"@id\":\"https:\\\/\\\/limpiezaslatrinidad.com\\\/en\\\/#\\\/schema\\\/logo\\\/image\\\/\",\"url\":\"https:\\\/\\\/limpiezaslatrinidad.com\\\/wp-content\\\/uploads\\\/2017\\\/04\\\/logo_limpiezas_trinidad.png\",\"contentUrl\":\"https:\\\/\\\/limpiezaslatrinidad.com\\\/wp-content\\\/uploads\\\/2017\\\/04\\\/logo_limpiezas_trinidad.png\",\"width\":251,\"height\":90,\"caption\":\"Limpiezas La Trinidad\"},\"image\":{\"@id\":\"https:\\\/\\\/limpiezaslatrinidad.com\\\/en\\\/#\\\/schema\\\/logo\\\/image\\\/\"},\"sameAs\":[\"https:\\\/\\\/www.facebook.com\\\/limpiezaslatrinidad\\\/\",\"https:\\\/\\\/x.com\\\/LimpiezasLT\",\"https:\\\/\\\/www.instagram.com\\\/limpiezaslatrinidad\\\/\",\"https:\\\/\\\/www.youtube.com\\\/channel\\\/UClVLbzdL1cS7guay308gCXQ\"]}]}<\/script>\n<!-- \/ Yoast SEO plugin. -->","yoast_head_json":{"title":"M\u00e1ximas de la empresa","robots":{"index":"index","follow":"follow","max-snippet":"max-snippet:-1","max-image-preview":"max-image-preview:large","max-video-preview":"max-video-preview:-1"},"canonical":"https:\/\/limpiezaslatrinidad.com\/en\/maximas-de-la-empresa\/","og_locale":"en_GB","og_type":"article","og_title":"M\u00e1ximas de la empresa","og_description":"Nuestras normas de conducta establecen los principios b\u00e1sicos que deben seguir nuestros trabajadores en su trabajo d\u00eda a d\u00eda Somos transparentes y tenemos cero tolerancia ante la comisi\u00f3n de delitos, no consentimos el acoso laboral por parte de ning\u00fan\/a trabajador\/a, no aceptamos pagos no documentados, trabajamos y nos mantenemos neutrales en nuestro posicionamiento social. Usamos [&hellip;]","og_url":"https:\/\/limpiezaslatrinidad.com\/en\/maximas-de-la-empresa\/","og_site_name":"Empresa de limpieza en Sevilla","article_publisher":"https:\/\/www.facebook.com\/limpiezaslatrinidad\/","article_modified_time":"2025-08-13T09:34:09+00:00","og_image":[{"url":"https:\/\/limpiezaslatrinidad.bevalentina.com\/wp-content\/uploads\/2025\/08\/Limpiadora-limpiezas-la-trinidad-683x1024.jpg","type":"","width":"","height":""}],"twitter_card":"summary_large_image","twitter_site":"@LimpiezasLT","twitter_misc":{"Estimated reading time":"1 minute"},"schema":{"@context":"https:\/\/schema.org","@graph":[{"@type":"WebPage","@id":"https:\/\/limpiezaslatrinidad.com\/maximas-de-la-empresa\/","url":"https:\/\/limpiezaslatrinidad.com\/maximas-de-la-empresa\/","name":"M\u00e1ximas de la empresa","isPartOf":{"@id":"https:\/\/limpiezaslatrinidad.com\/en\/#website"},"primaryImageOfPage":{"@id":"https:\/\/limpiezaslatrinidad.com\/maximas-de-la-empresa\/#primaryimage"},"image":{"@id":"https:\/\/limpiezaslatrinidad.com\/maximas-de-la-empresa\/#primaryimage"},"thumbnailUrl":"https:\/\/limpiezaslatrinidad.bevalentina.com\/wp-content\/uploads\/2025\/08\/Limpiadora-limpiezas-la-trinidad-683x1024.jpg","datePublished":"2023-10-10T11:46:59+00:00","dateModified":"2025-08-13T09:34:09+00:00","breadcrumb":{"@id":"https:\/\/limpiezaslatrinidad.com\/maximas-de-la-empresa\/#breadcrumb"},"inLanguage":"en-GB","potentialAction":[{"@type":"ReadAction","target":["https:\/\/limpiezaslatrinidad.com\/maximas-de-la-empresa\/"]}]},{"@type":"ImageObject","inLanguage":"en-GB","@id":"https:\/\/limpiezaslatrinidad.com\/maximas-de-la-empresa\/#primaryimage","url":"https:\/\/limpiezaslatrinidad.bevalentina.com\/wp-content\/uploads\/2025\/08\/Limpiadora-limpiezas-la-trinidad-683x1024.jpg","contentUrl":"https:\/\/limpiezaslatrinidad.bevalentina.com\/wp-content\/uploads\/2025\/08\/Limpiadora-limpiezas-la-trinidad-683x1024.jpg"},{"@type":"BreadcrumbList","@id":"https:\/\/limpiezaslatrinidad.com\/maximas-de-la-empresa\/#breadcrumb","itemListElement":[{"@type":"ListItem","position":1,"name":"Portada","item":"https:\/\/limpiezaslatrinidad.com\/"},{"@type":"ListItem","position":2,"name":"M\u00e1ximas de la empresa"}]},{"@type":"WebSite","@id":"https:\/\/limpiezaslatrinidad.com\/en\/#website","url":"https:\/\/limpiezaslatrinidad.com\/en\/","name":"Empresa de limpieza en Sevilla","description":"Agencia de limpieza y mantenimiento.","publisher":{"@id":"https:\/\/limpiezaslatrinidad.com\/en\/#organization"},"potentialAction":[{"@type":"SearchAction","target":{"@type":"EntryPoint","urlTemplate":"https:\/\/limpiezaslatrinidad.com\/en\/?s={search_term_string}"},"query-input":{"@type":"PropertyValueSpecification","valueRequired":true,"valueName":"search_term_string"}}],"inLanguage":"en-GB"},{"@type":"Organization","@id":"https:\/\/limpiezaslatrinidad.com\/en\/#organization","name":"Limpiezas La Trinidad","url":"https:\/\/limpiezaslatrinidad.com\/en\/","logo":{"@type":"ImageObject","inLanguage":"en-GB","@id":"https:\/\/limpiezaslatrinidad.com\/en\/#\/schema\/logo\/image\/","url":"https:\/\/limpiezaslatrinidad.com\/wp-content\/uploads\/2017\/04\/logo_limpiezas_trinidad.png","contentUrl":"https:\/\/limpiezaslatrinidad.com\/wp-content\/uploads\/2017\/04\/logo_limpiezas_trinidad.png","width":251,"height":90,"caption":"Limpiezas La Trinidad"},"image":{"@id":"https:\/\/limpiezaslatrinidad.com\/en\/#\/schema\/logo\/image\/"},"sameAs":["https:\/\/www.facebook.com\/limpiezaslatrinidad\/","https:\/\/x.com\/LimpiezasLT","https:\/\/www.instagram.com\/limpiezaslatrinidad\/","https:\/\/www.youtube.com\/channel\/UClVLbzdL1cS7guay308gCXQ"]}]}},"_links":{"self":[{"href":"https:\/\/limpiezaslatrinidad.com\/en\/wp-json\/wp\/v2\/pages\/5144","targetHints":{"allow":["GET"]}}],"collection":[{"href":"https:\/\/limpiezaslatrinidad.com\/en\/wp-json\/wp\/v2\/pages"}],"about":[{"href":"https:\/\/limpiezaslatrinidad.com\/en\/wp-json\/wp\/v2\/types\/page"}],"author":[{"embeddable":true,"href":"https:\/\/limpiezaslatrinidad.com\/en\/wp-json\/wp\/v2\/users\/1"}],"replies":[{"embeddable":true,"href":"https:\/\/limpiezaslatrinidad.com\/en\/wp-json\/wp\/v2\/comments?post=5144"}],"version-history":[{"count":0,"href":"https:\/\/limpiezaslatrinidad.com\/en\/wp-json\/wp\/v2\/pages\/5144\/revisions"}],"wp:attachment":[{"href":"https:\/\/limpiezaslatrinidad.com\/en\/wp-json\/wp\/v2\/media?parent=5144"}],"curies":[{"name":"wp","href":"https:\/\/api.w.org\/{rel}","templated":true}]}}