{"id":6106,"date":"2024-01-31T14:28:02","date_gmt":"2024-01-31T13:28:02","guid":{"rendered":"https:\/\/limpiezaslatrinidad.com\/?page_id=6106"},"modified":"2025-10-01T11:57:51","modified_gmt":"2025-10-01T09:57:51","slug":"limpieza-aviones-aeropuertos","status":"publish","type":"page","link":"https:\/\/limpiezaslatrinidad.com\/en\/limpieza-aviones-aeropuertos\/","title":{"rendered":"Limpieza aviones y aeropuertos"},"content":{"rendered":"<div data-elementor-type=\"wp-page\" data-elementor-id=\"6106\" class=\"elementor elementor-6106\" data-elementor-post-type=\"page\">\n\t\t\t\t\t\t<section class=\"elementor-section elementor-top-section elementor-element elementor-element-dc5bcfe elementor-section-height-min-height elementor-section-boxed elementor-section-height-default elementor-section-items-middle\" data-id=\"dc5bcfe\" data-element_type=\"section\" data-e-type=\"section\" data-settings=\"{&quot;background_background&quot;:&quot;classic&quot;}\">\n\t\t\t\t\t\t\t<div class=\"elementor-background-overlay\"><\/div>\n\t\t\t\t\t\t\t<div class=\"elementor-container elementor-column-gap-default\">\n\t\t\t\t\t<div class=\"elementor-column elementor-col-100 elementor-top-column elementor-element elementor-element-bc7ab5d\" data-id=\"bc7ab5d\" data-element_type=\"column\" data-e-type=\"column\">\n\t\t\t<div class=\"elementor-widget-wrap elementor-element-populated\">\n\t\t\t\t\t\t<div class=\"elementor-element elementor-element-c6889ef elementor-widget elementor-widget-heading\" data-id=\"c6889ef\" data-element_type=\"widget\" data-e-type=\"widget\" data-widget_type=\"heading.default\">\n\t\t\t\t<div class=\"elementor-widget-container\">\n\t\t\t\t\t<h2 class=\"elementor-heading-title elementor-size-default\">Sector aeron\u00e1utico<\/h2>\t\t\t\t<\/div>\n\t\t\t\t<\/div>\n\t\t\t\t\t<\/div>\n\t\t<\/div>\n\t\t\t\t\t<\/div>\n\t\t<\/section>\n\t\t\t\t<section class=\"elementor-section elementor-top-section elementor-element elementor-element-e104fbe elementor-section-boxed elementor-section-height-default elementor-section-height-default\" data-id=\"e104fbe\" data-element_type=\"section\" data-e-type=\"section\">\n\t\t\t\t\t\t<div class=\"elementor-container elementor-column-gap-default\">\n\t\t\t\t\t<div class=\"elementor-column elementor-col-100 elementor-top-column elementor-element elementor-element-faefa0c\" data-id=\"faefa0c\" data-element_type=\"column\" data-e-type=\"column\">\n\t\t\t<div class=\"elementor-widget-wrap elementor-element-populated\">\n\t\t\t\t\t\t<div class=\"elementor-element elementor-element-c0e3ea7 elementor-widget elementor-widget-spacer\" data-id=\"c0e3ea7\" data-element_type=\"widget\" data-e-type=\"widget\" data-widget_type=\"spacer.default\">\n\t\t\t\t<div class=\"elementor-widget-container\">\n\t\t\t\t\t\t\t<div class=\"elementor-spacer\">\n\t\t\t<div class=\"elementor-spacer-inner\"><\/div>\n\t\t<\/div>\n\t\t\t\t\t\t<\/div>\n\t\t\t\t<\/div>\n\t\t\t\t\t<\/div>\n\t\t<\/div>\n\t\t\t\t\t<\/div>\n\t\t<\/section>\n\t\t\t\t<section class=\"elementor-section elementor-top-section elementor-element elementor-element-5b680b1 elementor-section-boxed elementor-section-height-default elementor-section-height-default\" data-id=\"5b680b1\" data-element_type=\"section\" data-e-type=\"section\">\n\t\t\t\t\t\t<div class=\"elementor-container elementor-column-gap-default\">\n\t\t\t\t\t<div class=\"elementor-column elementor-col-100 elementor-top-column elementor-element elementor-element-09854a5\" data-id=\"09854a5\" data-element_type=\"column\" data-e-type=\"column\">\n\t\t\t<div class=\"elementor-widget-wrap elementor-element-populated\">\n\t\t\t\t\t\t<section class=\"elementor-section elementor-inner-section elementor-element elementor-element-7879f79 elementor-section-boxed elementor-section-height-default elementor-section-height-default\" data-id=\"7879f79\" data-element_type=\"section\" data-e-type=\"section\">\n\t\t\t\t\t\t<div class=\"elementor-container elementor-column-gap-default\">\n\t\t\t\t\t<div class=\"elementor-column elementor-col-50 elementor-inner-column elementor-element elementor-element-6a0ec57\" data-id=\"6a0ec57\" data-element_type=\"column\" data-e-type=\"column\">\n\t\t\t<div class=\"elementor-widget-wrap elementor-element-populated\">\n\t\t\t\t\t\t<div class=\"elementor-element elementor-element-aaef166 elementor-widget elementor-widget-heading\" data-id=\"aaef166\" data-element_type=\"widget\" data-e-type=\"widget\" data-widget_type=\"heading.default\">\n\t\t\t\t<div class=\"elementor-widget-container\">\n\t\t\t\t\t<h2 class=\"elementor-heading-title elementor-size-default\">Aseguramos un<\/h2>\t\t\t\t<\/div>\n\t\t\t\t<\/div>\n\t\t\t\t<div class=\"elementor-element elementor-element-be71a13 elementor-widget elementor-widget-heading\" data-id=\"be71a13\" data-element_type=\"widget\" data-e-type=\"widget\" data-widget_type=\"heading.default\">\n\t\t\t\t<div class=\"elementor-widget-container\">\n\t\t\t\t\t<h2 class=\"elementor-heading-title elementor-size-default\">despegue seguro.<\/h2>\t\t\t\t<\/div>\n\t\t\t\t<\/div>\n\t\t\t\t<div class=\"elementor-element elementor-element-5138619 elementor-widget elementor-widget-text-editor\" data-id=\"5138619\" data-element_type=\"widget\" data-e-type=\"widget\" data-widget_type=\"text-editor.default\">\n\t\t\t\t<div class=\"elementor-widget-container\">\n\t\t\t\t\t\t\t\t\t<p>Nuestro equipo est\u00e1 altamente cualificado para mantener las zonas cr\u00edticas, hangares y \u00e1reas de producci\u00f3n libres de polvo y bacterias.<\/p><p>Somos expertos en la gesti\u00f3n del riesgo, pues entendemos la importancia de que los equipos y transportes funcionen de forma \u00f3ptima. Por ello, somos capaces de integrarnos en el \u00e1rea de trabajo de forma segura y eficiente.<\/p>\t\t\t\t\t\t\t\t<\/div>\n\t\t\t\t<\/div>\n\t\t\t\t<div class=\"elementor-element elementor-element-e9a0273 elementor-align-center elementor-widget elementor-widget-button\" data-id=\"e9a0273\" data-element_type=\"widget\" data-e-type=\"widget\" data-widget_type=\"button.default\">\n\t\t\t\t<div class=\"elementor-widget-container\">\n\t\t\t\t\t\t\t\t\t<div class=\"elementor-button-wrapper\">\n\t\t\t\t\t<a class=\"elementor-button elementor-button-link elementor-size-sm\" href=\"https:\/\/limpiezaslatrinidad.com\/en\/servicios-limpieza-sevilla\/sectores\/\">\n\t\t\t\t\t\t<span class=\"elementor-button-content-wrapper\">\n\t\t\t\t\t\t\t\t\t<span class=\"elementor-button-text\">&lt; Volver atr\u00e1s<\/span>\n\t\t\t\t\t<\/span>\n\t\t\t\t\t<\/a>\n\t\t\t\t<\/div>\n\t\t\t\t\t\t\t\t<\/div>\n\t\t\t\t<\/div>\n\t\t\t\t\t<\/div>\n\t\t<\/div>\n\t\t\t\t<div class=\"elementor-column elementor-col-50 elementor-inner-column elementor-element elementor-element-ac0fe84\" data-id=\"ac0fe84\" data-element_type=\"column\" data-e-type=\"column\">\n\t\t\t<div class=\"elementor-widget-wrap elementor-element-populated\">\n\t\t\t\t\t\t<div class=\"elementor-element elementor-element-0a7db73 elementor-widget elementor-widget-image\" data-id=\"0a7db73\" data-element_type=\"widget\" data-e-type=\"widget\" data-widget_type=\"image.default\">\n\t\t\t\t<div class=\"elementor-widget-container\">\n\t\t\t\t\t\t\t\t\t\t\t\t\t\t\t<img fetchpriority=\"high\" decoding=\"async\" width=\"800\" height=\"534\" src=\"https:\/\/limpiezaslatrinidad.com\/wp-content\/uploads\/2024\/01\/AdobeStock_242243292-1024x683.jpeg\" class=\"attachment-large size-large wp-image-6111\" alt=\"\" srcset=\"https:\/\/limpiezaslatrinidad.com\/wp-content\/uploads\/2024\/01\/AdobeStock_242243292-1024x683.jpeg 1024w, https:\/\/limpiezaslatrinidad.com\/wp-content\/uploads\/2024\/01\/AdobeStock_242243292-300x200.jpeg 300w, https:\/\/limpiezaslatrinidad.com\/wp-content\/uploads\/2024\/01\/AdobeStock_242243292-768x512.jpeg 768w, https:\/\/limpiezaslatrinidad.com\/wp-content\/uploads\/2024\/01\/AdobeStock_242243292-1536x1024.jpeg 1536w, https:\/\/limpiezaslatrinidad.com\/wp-content\/uploads\/2024\/01\/AdobeStock_242243292-2048x1365.jpeg 2048w\" sizes=\"(max-width: 800px) 100vw, 800px\" \/>\t\t\t\t\t\t\t\t\t\t\t\t\t\t\t<\/div>\n\t\t\t\t<\/div>\n\t\t\t\t\t<\/div>\n\t\t<\/div>\n\t\t\t\t\t<\/div>\n\t\t<\/section>\n\t\t\t\t\t<\/div>\n\t\t<\/div>\n\t\t\t\t\t<\/div>\n\t\t<\/section>\n\t\t\t\t<section class=\"elementor-section elementor-top-section elementor-element elementor-element-88dec73 elementor-section-boxed elementor-section-height-default elementor-section-height-default\" data-id=\"88dec73\" data-element_type=\"section\" data-e-type=\"section\">\n\t\t\t\t\t\t<div class=\"elementor-container elementor-column-gap-default\">\n\t\t\t\t\t<div class=\"elementor-column elementor-col-100 elementor-top-column elementor-element elementor-element-d39b94e\" data-id=\"d39b94e\" data-element_type=\"column\" data-e-type=\"column\">\n\t\t\t<div class=\"elementor-widget-wrap elementor-element-populated\">\n\t\t\t\t\t\t<div class=\"elementor-element elementor-element-c517453 elementor-widget elementor-widget-spacer\" data-id=\"c517453\" data-element_type=\"widget\" data-e-type=\"widget\" data-widget_type=\"spacer.default\">\n\t\t\t\t<div class=\"elementor-widget-container\">\n\t\t\t\t\t\t\t<div class=\"elementor-spacer\">\n\t\t\t<div class=\"elementor-spacer-inner\"><\/div>\n\t\t<\/div>\n\t\t\t\t\t\t<\/div>\n\t\t\t\t<\/div>\n\t\t\t\t\t<\/div>\n\t\t<\/div>\n\t\t\t\t\t<\/div>\n\t\t<\/section>\n\t\t\t\t<\/div>","protected":false},"excerpt":{"rendered":"<p>Sector aeron\u00e1utico Aseguramos un despegue seguro. Nuestro equipo est\u00e1 altamente cualificado para mantener las zonas cr\u00edticas, hangares y \u00e1reas de producci\u00f3n libres de polvo y bacterias. Somos expertos en la gesti\u00f3n del riesgo, pues entendemos la importancia de que los equipos y transportes funcionen de forma \u00f3ptima. Por ello, somos capaces de integrarnos en el [&hellip;]<\/p>\n","protected":false},"author":1,"featured_media":0,"parent":0,"menu_order":0,"comment_status":"closed","ping_status":"closed","template":"elementor_header_footer","meta":{"footnotes":""},"class_list":["post-6106","page","type-page","status-publish","hentry"],"yoast_head":"<!-- This site is optimized with the Yoast SEO plugin v27.4 - https:\/\/yoast.com\/product\/yoast-seo-wordpress\/ -->\n<title>Limpieza aviones y aeropuertos<\/title>\n<meta name=\"description\" content=\"Empresa de servicios de limpiezas para aviones y aeropuertos. Ll\u00e1manos presupuesto sin compromiso. 954 33 66 69\" \/>\n<meta name=\"robots\" content=\"index, follow, max-snippet:-1, max-image-preview:large, max-video-preview:-1\" \/>\n<link rel=\"canonical\" href=\"https:\/\/limpiezaslatrinidad.com\/en\/limpieza-aviones-aeropuertos\/\" \/>\n<meta property=\"og:locale\" content=\"en_GB\" \/>\n<meta property=\"og:type\" content=\"article\" \/>\n<meta property=\"og:title\" content=\"Limpieza aviones y aeropuertos\" \/>\n<meta property=\"og:description\" content=\"Empresa de servicios de limpiezas para aviones y aeropuertos. Ll\u00e1manos presupuesto sin compromiso. 954 33 66 69\" \/>\n<meta property=\"og:url\" content=\"https:\/\/limpiezaslatrinidad.com\/en\/limpieza-aviones-aeropuertos\/\" \/>\n<meta property=\"og:site_name\" content=\"Empresa de limpieza en Sevilla\" \/>\n<meta property=\"article:publisher\" content=\"https:\/\/www.facebook.com\/limpiezaslatrinidad\/\" \/>\n<meta property=\"article:modified_time\" content=\"2025-10-01T09:57:51+00:00\" \/>\n<meta property=\"og:image\" content=\"https:\/\/limpiezaslatrinidad.bevalentina.com\/wp-content\/uploads\/2024\/01\/AdobeStock_242243292-1024x683.jpeg\" \/>\n<meta name=\"twitter:card\" content=\"summary_large_image\" \/>\n<meta name=\"twitter:site\" content=\"@LimpiezasLT\" \/>\n<meta name=\"twitter:label1\" content=\"Estimated reading time\" \/>\n\t<meta name=\"twitter:data1\" content=\"1 minute\" \/>\n<script type=\"application\/ld+json\" class=\"yoast-schema-graph\">{\"@context\":\"https:\\\/\\\/schema.org\",\"@graph\":[{\"@type\":\"WebPage\",\"@id\":\"https:\\\/\\\/limpiezaslatrinidad.com\\\/limpieza-aviones-aeropuertos\\\/\",\"url\":\"https:\\\/\\\/limpiezaslatrinidad.com\\\/limpieza-aviones-aeropuertos\\\/\",\"name\":\"Limpieza aviones y aeropuertos\",\"isPartOf\":{\"@id\":\"https:\\\/\\\/limpiezaslatrinidad.com\\\/en\\\/#website\"},\"primaryImageOfPage\":{\"@id\":\"https:\\\/\\\/limpiezaslatrinidad.com\\\/limpieza-aviones-aeropuertos\\\/#primaryimage\"},\"image\":{\"@id\":\"https:\\\/\\\/limpiezaslatrinidad.com\\\/limpieza-aviones-aeropuertos\\\/#primaryimage\"},\"thumbnailUrl\":\"https:\\\/\\\/limpiezaslatrinidad.bevalentina.com\\\/wp-content\\\/uploads\\\/2024\\\/01\\\/AdobeStock_242243292-1024x683.jpeg\",\"datePublished\":\"2024-01-31T13:28:02+00:00\",\"dateModified\":\"2025-10-01T09:57:51+00:00\",\"description\":\"Empresa de servicios de limpiezas para aviones y aeropuertos. Ll\u00e1manos presupuesto sin compromiso. 954 33 66 69\",\"breadcrumb\":{\"@id\":\"https:\\\/\\\/limpiezaslatrinidad.com\\\/limpieza-aviones-aeropuertos\\\/#breadcrumb\"},\"inLanguage\":\"en-GB\",\"potentialAction\":[{\"@type\":\"ReadAction\",\"target\":[\"https:\\\/\\\/limpiezaslatrinidad.com\\\/limpieza-aviones-aeropuertos\\\/\"]}]},{\"@type\":\"ImageObject\",\"inLanguage\":\"en-GB\",\"@id\":\"https:\\\/\\\/limpiezaslatrinidad.com\\\/limpieza-aviones-aeropuertos\\\/#primaryimage\",\"url\":\"https:\\\/\\\/limpiezaslatrinidad.bevalentina.com\\\/wp-content\\\/uploads\\\/2024\\\/01\\\/AdobeStock_242243292-1024x683.jpeg\",\"contentUrl\":\"https:\\\/\\\/limpiezaslatrinidad.bevalentina.com\\\/wp-content\\\/uploads\\\/2024\\\/01\\\/AdobeStock_242243292-1024x683.jpeg\"},{\"@type\":\"BreadcrumbList\",\"@id\":\"https:\\\/\\\/limpiezaslatrinidad.com\\\/limpieza-aviones-aeropuertos\\\/#breadcrumb\",\"itemListElement\":[{\"@type\":\"ListItem\",\"position\":1,\"name\":\"Portada\",\"item\":\"https:\\\/\\\/limpiezaslatrinidad.com\\\/\"},{\"@type\":\"ListItem\",\"position\":2,\"name\":\"Limpieza aviones y aeropuertos\"}]},{\"@type\":\"WebSite\",\"@id\":\"https:\\\/\\\/limpiezaslatrinidad.com\\\/en\\\/#website\",\"url\":\"https:\\\/\\\/limpiezaslatrinidad.com\\\/en\\\/\",\"name\":\"Empresa de limpieza en Sevilla\",\"description\":\"Agencia de limpieza y mantenimiento.\",\"publisher\":{\"@id\":\"https:\\\/\\\/limpiezaslatrinidad.com\\\/en\\\/#organization\"},\"potentialAction\":[{\"@type\":\"SearchAction\",\"target\":{\"@type\":\"EntryPoint\",\"urlTemplate\":\"https:\\\/\\\/limpiezaslatrinidad.com\\\/en\\\/?s={search_term_string}\"},\"query-input\":{\"@type\":\"PropertyValueSpecification\",\"valueRequired\":true,\"valueName\":\"search_term_string\"}}],\"inLanguage\":\"en-GB\"},{\"@type\":\"Organization\",\"@id\":\"https:\\\/\\\/limpiezaslatrinidad.com\\\/en\\\/#organization\",\"name\":\"Limpiezas La Trinidad\",\"url\":\"https:\\\/\\\/limpiezaslatrinidad.com\\\/en\\\/\",\"logo\":{\"@type\":\"ImageObject\",\"inLanguage\":\"en-GB\",\"@id\":\"https:\\\/\\\/limpiezaslatrinidad.com\\\/en\\\/#\\\/schema\\\/logo\\\/image\\\/\",\"url\":\"https:\\\/\\\/limpiezaslatrinidad.com\\\/wp-content\\\/uploads\\\/2017\\\/04\\\/logo_limpiezas_trinidad.png\",\"contentUrl\":\"https:\\\/\\\/limpiezaslatrinidad.com\\\/wp-content\\\/uploads\\\/2017\\\/04\\\/logo_limpiezas_trinidad.png\",\"width\":251,\"height\":90,\"caption\":\"Limpiezas La Trinidad\"},\"image\":{\"@id\":\"https:\\\/\\\/limpiezaslatrinidad.com\\\/en\\\/#\\\/schema\\\/logo\\\/image\\\/\"},\"sameAs\":[\"https:\\\/\\\/www.facebook.com\\\/limpiezaslatrinidad\\\/\",\"https:\\\/\\\/x.com\\\/LimpiezasLT\",\"https:\\\/\\\/www.instagram.com\\\/limpiezaslatrinidad\\\/\",\"https:\\\/\\\/www.youtube.com\\\/channel\\\/UClVLbzdL1cS7guay308gCXQ\"]}]}<\/script>\n<!-- \/ Yoast SEO plugin. -->","yoast_head_json":{"title":"Limpieza aviones y aeropuertos","description":"Empresa de servicios de limpiezas para aviones y aeropuertos. Ll\u00e1manos presupuesto sin compromiso. 954 33 66 69","robots":{"index":"index","follow":"follow","max-snippet":"max-snippet:-1","max-image-preview":"max-image-preview:large","max-video-preview":"max-video-preview:-1"},"canonical":"https:\/\/limpiezaslatrinidad.com\/en\/limpieza-aviones-aeropuertos\/","og_locale":"en_GB","og_type":"article","og_title":"Limpieza aviones y aeropuertos","og_description":"Empresa de servicios de limpiezas para aviones y aeropuertos. Ll\u00e1manos presupuesto sin compromiso. 954 33 66 69","og_url":"https:\/\/limpiezaslatrinidad.com\/en\/limpieza-aviones-aeropuertos\/","og_site_name":"Empresa de limpieza en Sevilla","article_publisher":"https:\/\/www.facebook.com\/limpiezaslatrinidad\/","article_modified_time":"2025-10-01T09:57:51+00:00","og_image":[{"url":"https:\/\/limpiezaslatrinidad.bevalentina.com\/wp-content\/uploads\/2024\/01\/AdobeStock_242243292-1024x683.jpeg","type":"","width":"","height":""}],"twitter_card":"summary_large_image","twitter_site":"@LimpiezasLT","twitter_misc":{"Estimated reading time":"1 minute"},"schema":{"@context":"https:\/\/schema.org","@graph":[{"@type":"WebPage","@id":"https:\/\/limpiezaslatrinidad.com\/limpieza-aviones-aeropuertos\/","url":"https:\/\/limpiezaslatrinidad.com\/limpieza-aviones-aeropuertos\/","name":"Limpieza aviones y aeropuertos","isPartOf":{"@id":"https:\/\/limpiezaslatrinidad.com\/en\/#website"},"primaryImageOfPage":{"@id":"https:\/\/limpiezaslatrinidad.com\/limpieza-aviones-aeropuertos\/#primaryimage"},"image":{"@id":"https:\/\/limpiezaslatrinidad.com\/limpieza-aviones-aeropuertos\/#primaryimage"},"thumbnailUrl":"https:\/\/limpiezaslatrinidad.bevalentina.com\/wp-content\/uploads\/2024\/01\/AdobeStock_242243292-1024x683.jpeg","datePublished":"2024-01-31T13:28:02+00:00","dateModified":"2025-10-01T09:57:51+00:00","description":"Empresa de servicios de limpiezas para aviones y aeropuertos. Ll\u00e1manos presupuesto sin compromiso. 954 33 66 69","breadcrumb":{"@id":"https:\/\/limpiezaslatrinidad.com\/limpieza-aviones-aeropuertos\/#breadcrumb"},"inLanguage":"en-GB","potentialAction":[{"@type":"ReadAction","target":["https:\/\/limpiezaslatrinidad.com\/limpieza-aviones-aeropuertos\/"]}]},{"@type":"ImageObject","inLanguage":"en-GB","@id":"https:\/\/limpiezaslatrinidad.com\/limpieza-aviones-aeropuertos\/#primaryimage","url":"https:\/\/limpiezaslatrinidad.bevalentina.com\/wp-content\/uploads\/2024\/01\/AdobeStock_242243292-1024x683.jpeg","contentUrl":"https:\/\/limpiezaslatrinidad.bevalentina.com\/wp-content\/uploads\/2024\/01\/AdobeStock_242243292-1024x683.jpeg"},{"@type":"BreadcrumbList","@id":"https:\/\/limpiezaslatrinidad.com\/limpieza-aviones-aeropuertos\/#breadcrumb","itemListElement":[{"@type":"ListItem","position":1,"name":"Portada","item":"https:\/\/limpiezaslatrinidad.com\/"},{"@type":"ListItem","position":2,"name":"Limpieza aviones y aeropuertos"}]},{"@type":"WebSite","@id":"https:\/\/limpiezaslatrinidad.com\/en\/#website","url":"https:\/\/limpiezaslatrinidad.com\/en\/","name":"Empresa de limpieza en Sevilla","description":"Agencia de limpieza y mantenimiento.","publisher":{"@id":"https:\/\/limpiezaslatrinidad.com\/en\/#organization"},"potentialAction":[{"@type":"SearchAction","target":{"@type":"EntryPoint","urlTemplate":"https:\/\/limpiezaslatrinidad.com\/en\/?s={search_term_string}"},"query-input":{"@type":"PropertyValueSpecification","valueRequired":true,"valueName":"search_term_string"}}],"inLanguage":"en-GB"},{"@type":"Organization","@id":"https:\/\/limpiezaslatrinidad.com\/en\/#organization","name":"Limpiezas La Trinidad","url":"https:\/\/limpiezaslatrinidad.com\/en\/","logo":{"@type":"ImageObject","inLanguage":"en-GB","@id":"https:\/\/limpiezaslatrinidad.com\/en\/#\/schema\/logo\/image\/","url":"https:\/\/limpiezaslatrinidad.com\/wp-content\/uploads\/2017\/04\/logo_limpiezas_trinidad.png","contentUrl":"https:\/\/limpiezaslatrinidad.com\/wp-content\/uploads\/2017\/04\/logo_limpiezas_trinidad.png","width":251,"height":90,"caption":"Limpiezas La Trinidad"},"image":{"@id":"https:\/\/limpiezaslatrinidad.com\/en\/#\/schema\/logo\/image\/"},"sameAs":["https:\/\/www.facebook.com\/limpiezaslatrinidad\/","https:\/\/x.com\/LimpiezasLT","https:\/\/www.instagram.com\/limpiezaslatrinidad\/","https:\/\/www.youtube.com\/channel\/UClVLbzdL1cS7guay308gCXQ"]}]}},"_links":{"self":[{"href":"https:\/\/limpiezaslatrinidad.com\/en\/wp-json\/wp\/v2\/pages\/6106","targetHints":{"allow":["GET"]}}],"collection":[{"href":"https:\/\/limpiezaslatrinidad.com\/en\/wp-json\/wp\/v2\/pages"}],"about":[{"href":"https:\/\/limpiezaslatrinidad.com\/en\/wp-json\/wp\/v2\/types\/page"}],"author":[{"embeddable":true,"href":"https:\/\/limpiezaslatrinidad.com\/en\/wp-json\/wp\/v2\/users\/1"}],"replies":[{"embeddable":true,"href":"https:\/\/limpiezaslatrinidad.com\/en\/wp-json\/wp\/v2\/comments?post=6106"}],"version-history":[{"count":0,"href":"https:\/\/limpiezaslatrinidad.com\/en\/wp-json\/wp\/v2\/pages\/6106\/revisions"}],"wp:attachment":[{"href":"https:\/\/limpiezaslatrinidad.com\/en\/wp-json\/wp\/v2\/media?parent=6106"}],"curies":[{"name":"wp","href":"https:\/\/api.w.org\/{rel}","templated":true}]}}